{"id":2773,"date":"2024-09-17T21:56:30","date_gmt":"2024-09-17T19:56:30","guid":{"rendered":"https:\/\/fraulina.com\/?post_type=product&#038;p=2773"},"modified":"2026-04-28T22:30:21","modified_gmt":"2026-04-28T20:30:21","slug":"secret-luggage-pillow-mandala-gold","status":"publish","type":"product","link":"https:\/\/fraulina.com\/de\/product\/secret-luggage-pillow-mandala-gold\/","title":{"rendered":"Secret Luggage Pillow \u00ae &#8211; Mandala Gold"},"content":{"rendered":"<p><strong>Produkt Beschreibung:<\/strong><\/p>\n<ul data-start=\"1613\" data-end=\"1878\">\n<li data-start=\"1613\" data-end=\"1699\">Material: hochwertiger Polster-Velours \u2013 weich, langlebig und pflegeleicht<\/li>\n<li data-start=\"1700\" data-end=\"1745\">Kapazit\u00e4t: bis zu ca. 2 kg zus\u00e4tzlicher Stauraum<\/li>\n<li data-start=\"1746\" data-end=\"1822\">Verschluss: stabile Schnalle zur Befestigung an Rucksack oder Koffer<\/li>\n<li data-start=\"1823\" data-end=\"1860\">Herstellung: handgefertigt in Polen<\/li>\n<\/ul>\n<hr data-start=\"1880\" data-end=\"1883\" \/>\n<h3 data-start=\"1885\" data-end=\"1897\">F\u00fcr wen ist es geeignet<\/h3>\n<p data-start=\"1899\" data-end=\"2006\">F\u00fcr alle, die smart reisen und ihr Handgep\u00e4ck optimal nutzen m\u00f6chten \u2013 ohne auf Komfort zu verzichten.<\/p>\n<p data-start=\"2008\" data-end=\"2033\">Ideal f\u00fcr:<\/p>\n<ul data-start=\"2034\" data-end=\"2142\">\n<li data-start=\"2034\" data-end=\"2053\">Kurztrips<\/li>\n<li data-start=\"2054\" data-end=\"2095\">Flugreisen mit Handgep\u00e4ck<\/li>\n<li data-start=\"2096\" data-end=\"2121\">Citytrips &amp; Urlaube<\/li>\n<li data-start=\"2122\" data-end=\"2142\">Gesch\u00e4ftsreisen<\/li>\n<\/ul>\n<hr data-start=\"2144\" data-end=\"2147\" \/>\n<h3 data-start=\"2149\" data-end=\"2178\">Perfekte Geschenkidee<\/h3>\n<p data-start=\"2180\" data-end=\"2274\">Praktisch, durchdacht und wirklich n\u00fctzlich \u2013 das ideale Geschenk f\u00fcr alle, die gerne reisen.<\/p>\n<hr data-start=\"2276\" data-end=\"2279\" \/>\n<p data-start=\"2281\" data-end=\"2312\"><strong data-start=\"2281\" data-end=\"2312\">FRAULINA \u2014 wear the journey<\/strong><\/p>\n<p>&nbsp;<\/p>\n<p><img fetchpriority=\"high\" decoding=\"async\" class=\"alignnone wp-image-2592\" src=\"https:\/\/fraulina.com\/wp-content\/uploads\/2024\/08\/2.png\" alt=\"\" width=\"600\" height=\"600\" srcset=\"https:\/\/fraulina.com\/wp-content\/uploads\/2024\/08\/2.png 1600w, https:\/\/fraulina.com\/wp-content\/uploads\/2024\/08\/2-300x300.png 300w, https:\/\/fraulina.com\/wp-content\/uploads\/2024\/08\/2-1024x1024.png 1024w, https:\/\/fraulina.com\/wp-content\/uploads\/2024\/08\/2-150x150.png 150w, https:\/\/fraulina.com\/wp-content\/uploads\/2024\/08\/2-768x768.png 768w, https:\/\/fraulina.com\/wp-content\/uploads\/2024\/08\/2-1536x1536.png 1536w, https:\/\/fraulina.com\/wp-content\/uploads\/2024\/08\/2-12x12.png 12w, https:\/\/fraulina.com\/wp-content\/uploads\/2024\/08\/2-600x600.png 600w, https:\/\/fraulina.com\/wp-content\/uploads\/2024\/08\/2-100x100.png 100w\" sizes=\"(max-width: 600px) 100vw, 600px\" \/>\u00a0 \u00a0 \u00a0 \u00a0 \u00a0 <img decoding=\"async\" class=\"alignnone wp-image-2593\" src=\"https:\/\/fraulina.com\/wp-content\/uploads\/2024\/08\/5-300x300.png\" alt=\"\" width=\"600\" height=\"600\" srcset=\"https:\/\/fraulina.com\/wp-content\/uploads\/2024\/08\/5-300x300.png 300w, https:\/\/fraulina.com\/wp-content\/uploads\/2024\/08\/5-1024x1024.png 1024w, https:\/\/fraulina.com\/wp-content\/uploads\/2024\/08\/5-150x150.png 150w, https:\/\/fraulina.com\/wp-content\/uploads\/2024\/08\/5-768x768.png 768w, https:\/\/fraulina.com\/wp-content\/uploads\/2024\/08\/5-1536x1536.png 1536w, https:\/\/fraulina.com\/wp-content\/uploads\/2024\/08\/5-12x12.png 12w, https:\/\/fraulina.com\/wp-content\/uploads\/2024\/08\/5-600x600.png 600w, https:\/\/fraulina.com\/wp-content\/uploads\/2024\/08\/5-100x100.png 100w, https:\/\/fraulina.com\/wp-content\/uploads\/2024\/08\/5.png 1600w\" sizes=\"(max-width: 600px) 100vw, 600px\" \/><\/p>\n<p><img decoding=\"async\" class=\"alignnone wp-image-2594\" src=\"https:\/\/fraulina.com\/wp-content\/uploads\/2024\/08\/3-300x300.png\" alt=\"\" width=\"600\" height=\"600\" srcset=\"https:\/\/fraulina.com\/wp-content\/uploads\/2024\/08\/3-300x300.png 300w, https:\/\/fraulina.com\/wp-content\/uploads\/2024\/08\/3-1024x1024.png 1024w, https:\/\/fraulina.com\/wp-content\/uploads\/2024\/08\/3-150x150.png 150w, https:\/\/fraulina.com\/wp-content\/uploads\/2024\/08\/3-768x768.png 768w, https:\/\/fraulina.com\/wp-content\/uploads\/2024\/08\/3-1536x1536.png 1536w, https:\/\/fraulina.com\/wp-content\/uploads\/2024\/08\/3-12x12.png 12w, https:\/\/fraulina.com\/wp-content\/uploads\/2024\/08\/3-600x600.png 600w, https:\/\/fraulina.com\/wp-content\/uploads\/2024\/08\/3-100x100.png 100w, https:\/\/fraulina.com\/wp-content\/uploads\/2024\/08\/3.png 1600w\" sizes=\"(max-width: 600px) 100vw, 600px\" \/>\u00a0 \u00a0 \u00a0 \u00a0 \u00a0 <img loading=\"lazy\" decoding=\"async\" class=\"alignnone wp-image-2595\" src=\"https:\/\/fraulina.com\/wp-content\/uploads\/2024\/08\/4-300x300.png\" alt=\"\" width=\"600\" height=\"600\" srcset=\"https:\/\/fraulina.com\/wp-content\/uploads\/2024\/08\/4-300x300.png 300w, https:\/\/fraulina.com\/wp-content\/uploads\/2024\/08\/4-1024x1024.png 1024w, https:\/\/fraulina.com\/wp-content\/uploads\/2024\/08\/4-150x150.png 150w, https:\/\/fraulina.com\/wp-content\/uploads\/2024\/08\/4-768x768.png 768w, https:\/\/fraulina.com\/wp-content\/uploads\/2024\/08\/4-1536x1536.png 1536w, https:\/\/fraulina.com\/wp-content\/uploads\/2024\/08\/4-12x12.png 12w, https:\/\/fraulina.com\/wp-content\/uploads\/2024\/08\/4-600x600.png 600w, https:\/\/fraulina.com\/wp-content\/uploads\/2024\/08\/4-100x100.png 100w, https:\/\/fraulina.com\/wp-content\/uploads\/2024\/08\/4.png 1600w\" sizes=\"(max-width: 600px) 100vw, 600px\" \/><\/p>","protected":false},"excerpt":{"rendered":"<p data-start=\"403\" data-end=\"481\"><strong data-start=\"403\" data-end=\"481\">Secret Luggage Pillow \u2013 mehr Platz im Handgep\u00e4ck, mehr Komfort auf Reisen<\/strong><\/p>\n<p data-start=\"483\" data-end=\"550\">Ein Reisekissen, das mehr kann als nur bequem zu sein.<\/p>\n<p data-start=\"552\" data-end=\"810\">Das Secret Luggage Pillow wurde entwickelt, um dein Handgep\u00e4ck optimal zu nutzen \u2013 ganz ohne zus\u00e4tzliche Geb\u00fchren. Anstelle einer klassischen F\u00fcllung kannst du es mit Kleidung oder anderen weichen Gegenst\u00e4nden bef\u00fcllen und so zus\u00e4tzlichen Stauraum schaffen.<\/p>\n<p data-start=\"812\" data-end=\"874\">Eine einfache Idee, die deine Art zu packen komplett ver\u00e4ndert.<\/p>\n<hr data-start=\"876\" data-end=\"879\" \/>\n<h3 data-start=\"881\" data-end=\"906\">Warum du es lieben wirst<\/h3>\n<ul data-start=\"908\" data-end=\"1342\">\n<li data-start=\"908\" data-end=\"997\"><strong data-start=\"910\" data-end=\"948\">Mehr Platz im Handgep\u00e4ck<\/strong> nimm bis zu ca. 2 kg zus\u00e4tzliche Kleidung mit<\/li>\n<li data-start=\"998\" data-end=\"1078\"><strong data-start=\"1000\" data-end=\"1032\">Smartes Travelhack<\/strong> \u2013 dein Kissen wird Teil deines Gep\u00e4cks<\/li>\n<li data-start=\"1079\" data-end=\"1137\"><strong data-start=\"1081\" data-end=\"1107\">Keine Zusatzkosten<\/strong> - vermeide teure Geb\u00fchren f\u00fcr \u00dcbergep\u00e4ck<\/li>\n<li data-start=\"1138\" data-end=\"1218\"><strong data-start=\"1140\" data-end=\"1173\">2-in-1: Komfort &amp; Funktion<\/strong> \u2013 Reisekissen und Stauraum in einem<\/li>\n<li data-start=\"1219\" data-end=\"1279\"><strong data-start=\"1221\" data-end=\"1242\">Ideal f\u00fcr unterwegs<\/strong> \u2013 im Flugzeug, Zug oder Auto<\/li>\n<li data-start=\"1280\" data-end=\"1342\"><strong data-start=\"1282\" data-end=\"1311\">Einzigartiges FRAULINA Design<\/strong> \u2013 kein Massenprodukt<\/li>\n<\/ul>\n<hr data-start=\"1344\" data-end=\"1347\" \/>\n<h3 data-start=\"1349\" data-end=\"1366\">So funktioniert\u2019s<\/h3>\n<ol data-start=\"1368\" data-end=\"1585\">\n<li data-start=\"1368\" data-end=\"1431\"><strong data-start=\"1371\" data-end=\"1383\">Bef\u00fcllen<\/strong> \u2013 lege Kleidung oder weiche Gegenst\u00e4nde in den Bezug<\/li>\n<li data-start=\"1432\" data-end=\"1501\"><strong data-start=\"1435\" data-end=\"1464\">Mitnehmen<\/strong> \u2013 nutze es als Reisekissen im Handgep\u00e4ck<\/li>\n<li data-start=\"1502\" data-end=\"1585\"><strong data-start=\"1505\" data-end=\"1528\">Entspannen<\/strong> \u2013 genie\u00dfe deine Reise mit zus\u00e4tzlichem Komfort<\/li>\n<\/ol>","protected":false},"featured_media":2411,"template":"","meta":{"_eb_attr":""},"product_brand":[],"product_cat":[83,138],"product_tag":[],"class_list":{"0":"post-2773","1":"product","2":"type-product","3":"status-publish","4":"has-post-thumbnail","6":"product_cat-fraulina-travel","7":"product_cat-secret-luggage-pillow","8":"pa_wariant-behind-blue-eyes","9":"pa_wariant-blue-mandala","10":"pa_wariant-dragon-skin","11":"pa_wariant-gold-mandala","12":"pa_wariant-houndstooth","13":"pa_wariant-lady-in-red","14":"pa_wariant-plaid-gold","15":"pa_wariant-red-cards","16":"pa_wariant-sahara-desert","17":"pa_wariant-simple-black","18":"pa_wariant-sweater","19":"pa_wariant-tea-time-in-london","20":"pa_wariant-universe","21":"pa_wariant-violet-leopard","23":"first","24":"instock","25":"taxable","26":"shipping-taxable","27":"purchasable","28":"product-type-simple"},"_links":{"self":[{"href":"https:\/\/fraulina.com\/de\/wp-json\/wp\/v2\/product\/2773","targetHints":{"allow":["GET"]}}],"collection":[{"href":"https:\/\/fraulina.com\/de\/wp-json\/wp\/v2\/product"}],"about":[{"href":"https:\/\/fraulina.com\/de\/wp-json\/wp\/v2\/types\/product"}],"version-history":[{"count":6,"href":"https:\/\/fraulina.com\/de\/wp-json\/wp\/v2\/product\/2773\/revisions"}],"predecessor-version":[{"id":3940,"href":"https:\/\/fraulina.com\/de\/wp-json\/wp\/v2\/product\/2773\/revisions\/3940"}],"wp:featuredmedia":[{"embeddable":true,"href":"https:\/\/fraulina.com\/de\/wp-json\/wp\/v2\/media\/2411"}],"wp:attachment":[{"href":"https:\/\/fraulina.com\/de\/wp-json\/wp\/v2\/media?parent=2773"}],"wp:term":[{"taxonomy":"product_brand","embeddable":true,"href":"https:\/\/fraulina.com\/de\/wp-json\/wp\/v2\/product_brand?post=2773"},{"taxonomy":"product_cat","embeddable":true,"href":"https:\/\/fraulina.com\/de\/wp-json\/wp\/v2\/product_cat?post=2773"},{"taxonomy":"product_tag","embeddable":true,"href":"https:\/\/fraulina.com\/de\/wp-json\/wp\/v2\/product_tag?post=2773"}],"curies":[{"name":"wp","href":"https:\/\/api.w.org\/{rel}","templated":true}]}}